{"id":77,"date":"2023-04-12T19:59:49","date_gmt":"2023-04-12T19:59:49","guid":{"rendered":"https:\/\/exaktso.ch\/?page_id=77"},"modified":"2023-08-24T07:29:51","modified_gmt":"2023-08-24T07:29:51","slug":"preise","status":"publish","type":"page","link":"https:\/\/exaktso.ch\/?page_id=77","title":{"rendered":"Preise"},"content":{"rendered":"\n<p>Korrektorat: 105 Fr. \/ Stunde<br>Lektorat: 115 Fr. \/ Stunde<br>Texte: 130 Fr. \/ Stunde<\/p>\n\n\n\n<p>Wichtig zu wissen: Mein Aufwand h\u00e4ngt jeweils vom Umfang und der Qualit\u00e4t deines Textes sowie von deiner gew\u00fcnschten Dienstleistung (Korrektorat, Lektorat) ab, weshalb ich in Stunden verrechne. Damit du dir ungef\u00e4hr ein Bild machen kannst: Eine Stunde sorgf\u00e4ltiges Lektorat entspricht ungef\u00e4hr vier Normseiten \u00e0 1800 Zeichen (inkl. Leerzeichen). F\u00fcr Korrektorate ben\u00f6tige ich in der Regel weniger Zeit als f\u00fcr Lektorate.<\/p>\n\n\n\n<p>Beim Texten spielt es eine grosse Rolle, wie viele Informationen ich vorab von dir erhalte, wie gross meine Recherche-Arbeiten sind und wie umfangreich der gew\u00fcnschte Text ist.<\/p>\n\n\n\n<p>Je nach Auftrag ist es auch m\u00f6glich, einen Fixbetrag festzulegen \u2013 gemeinsam finden wir sicher die passende L\u00f6sung.<\/p>\n","protected":false},"excerpt":{"rendered":"<p>Korrektorat: 105 Fr. \/ StundeLektorat: 115 Fr. \/ StundeTexte: 130 Fr. \/ Stunde Wichtig zu wissen: Mein Aufwand h\u00e4ngt jeweils vom Umfang und der Qualit\u00e4t &hellip;<\/p>\n","protected":false},"author":1,"featured_media":0,"parent":0,"menu_order":0,"comment_status":"closed","ping_status":"closed","template":"","meta":[],"_links":{"self":[{"href":"https:\/\/exaktso.ch\/index.php?rest_route=\/wp\/v2\/pages\/77"}],"collection":[{"href":"https:\/\/exaktso.ch\/index.php?rest_route=\/wp\/v2\/pages"}],"about":[{"href":"https:\/\/exaktso.ch\/index.php?rest_route=\/wp\/v2\/types\/page"}],"author":[{"embeddable":true,"href":"https:\/\/exaktso.ch\/index.php?rest_route=\/wp\/v2\/users\/1"}],"replies":[{"embeddable":true,"href":"https:\/\/exaktso.ch\/index.php?rest_route=%2Fwp%2Fv2%2Fcomments&post=77"}],"version-history":[{"count":18,"href":"https:\/\/exaktso.ch\/index.php?rest_route=\/wp\/v2\/pages\/77\/revisions"}],"predecessor-version":[{"id":436,"href":"https:\/\/exaktso.ch\/index.php?rest_route=\/wp\/v2\/pages\/77\/revisions\/436"}],"wp:attachment":[{"href":"https:\/\/exaktso.ch\/index.php?rest_route=%2Fwp%2Fv2%2Fmedia&parent=77"}],"curies":[{"name":"wp","href":"https:\/\/api.w.org\/{rel}","templated":true}]}}